{"id":557,"date":"2024-11-13T22:57:04","date_gmt":"2024-11-13T21:57:04","guid":{"rendered":"https:\/\/oazamiru.net\/?page_id=557"},"modified":"2026-03-26T15:22:10","modified_gmt":"2026-03-26T14:22:10","slug":"cenik","status":"publish","type":"page","link":"https:\/\/oazamiru.net\/en\/cenik\/","title":{"rendered":"Price list"},"content":{"rendered":"<div data-elementor-type=\"wp-page\" data-elementor-id=\"557\" class=\"elementor elementor-557\">\n\t\t\t\t<div class=\"elementor-element elementor-element-be22db3 e-flex e-con-boxed wpr-particle-no wpr-jarallax-no wpr-parallax-no wpr-sticky-section-no e-con e-parent\" data-id=\"be22db3\" data-element_type=\"container\">\n\t\t\t\t\t<div class=\"e-con-inner\">\n\t\t\t\t<div class=\"elementor-element elementor-element-85fa505 wpr-price-list-old-position-before elementor-widget elementor-widget-wpr-price-list\" data-id=\"85fa505\" data-element_type=\"widget\" data-widget_type=\"wpr-price-list.default\">\n\t\t\t\t<div class=\"elementor-widget-container\">\n\t\t\t\t\t\n\t\t<div class=\"wpr-price-list\">\n\t\t\t\n\t\t\t\n\t\t\t\t<div class=\"wpr-price-list-item elementor-repeater-item-a3e2094 elementor-clearfix\">\n\t\t\t\t\t\t\t\n\t\t\t\t\n\t\t\t\t\t<div class=\"wpr-price-list-content\">\n\t\t\t\t\t\t\n\t\t\t\t\t\t<div class=\"wpr-price-list-heading\">\n\t\t\t\t\t\t\t\n\t\t\t\t\t\t\t\t\t\t\t\t\t\t\t\n\t\t\t\t\t\t\t<span class=\"wpr-price-list-title\">room for 2 people<\/span>\t\t\t\t\t\t\t\n\t\t\t\t\t\t\t\t\t\t\t\t\t\t\n\t\t\t\t\t\t\t\t\t\t\t\t\t\n\t\t\t\t\t\t\t\t<span class=\"wpr-price-list-separator\"><\/span>\n\t\t\t\t\t\t\t\n\t\t\t\t\t\t\t\t\t\t\t\t\t\t\t<span class=\"wpr-price-list-price-wrap\">\n\t\t\t\t\t\t\t\t\t\t\n\t\t\t\t\t\t\t\t\t<span class=\"wpr-price-list-price\">60  - 70 eur<\/span>\n\t\t\t\t\t\t\t\t\t\n\t\t\t\t\t\t\t\t\t\t\t\t\t\t\t\t\t<\/span>\n\t\t\t\t\t\t\t\n\t\t\t\t\t\t<\/div>\n\t\t\t\t\t\t\n\t\t\t\t\t\t\t\t\t\t\t<\/div>\n\n\t\t\t\t<\/div>\n\n\t\t\t\t\n\t\t\t\t<div class=\"wpr-price-list-item elementor-repeater-item-7ee8cbe elementor-clearfix\">\n\t\t\t\t\t\t\t\n\t\t\t\t\n\t\t\t\t\t<div class=\"wpr-price-list-content\">\n\t\t\t\t\t\t\n\t\t\t\t\t\t<div class=\"wpr-price-list-heading\">\n\t\t\t\t\t\t\t\n\t\t\t\t\t\t\t\t\t\t\t\t\t\t\t\n\t\t\t\t\t\t\t<span class=\"wpr-price-list-title\">apartment for 2 people<\/span>\t\t\t\t\t\t\t\n\t\t\t\t\t\t\t\t\t\t\t\t\t\t\n\t\t\t\t\t\t\t\t\t\t\t\t\t\n\t\t\t\t\t\t\t\t<span class=\"wpr-price-list-separator\"><\/span>\n\t\t\t\t\t\t\t\n\t\t\t\t\t\t\t\t\t\t\t\t\t\t\t<span class=\"wpr-price-list-price-wrap\">\n\t\t\t\t\t\t\t\t\t\t\n\t\t\t\t\t\t\t\t\t<span class=\"wpr-price-list-price\">80 - 90 eur<\/span>\n\t\t\t\t\t\t\t\t\t\n\t\t\t\t\t\t\t\t\t\t\t\t\t\t\t\t\t<\/span>\n\t\t\t\t\t\t\t\n\t\t\t\t\t\t<\/div>\n\t\t\t\t\t\t\n\t\t\t\t\t\t\t\t\t\t\t<\/div>\n\n\t\t\t\t<\/div>\n\n\t\t\t\t\n\t\t\t\t<div class=\"wpr-price-list-item elementor-repeater-item-ba39393 elementor-clearfix\">\n\t\t\t\t\t\t\t\n\t\t\t\t\n\t\t\t\t\t<div class=\"wpr-price-list-content\">\n\t\t\t\t\t\t\n\t\t\t\t\t\t<div class=\"wpr-price-list-heading\">\n\t\t\t\t\t\t\t\n\t\t\t\t\t\t\t\t\t\t\t\t\t\t\t\n\t\t\t\t\t\t\t<span class=\"wpr-price-list-title\">APARTMA za 2 (+2) v dnevnem prostoru je raztegljiv kav\u010d <\/span>\t\t\t\t\t\t\t\n\t\t\t\t\t\t\t\t\t\t\t\t\t\t\n\t\t\t\t\t\t\t\t\t\t\t\t\t\n\t\t\t\t\t\t\t\t<span class=\"wpr-price-list-separator\"><\/span>\n\t\t\t\t\t\t\t\n\t\t\t\t\t\t\t\t\t\t\t\t\t\t\t<span class=\"wpr-price-list-price-wrap\">\n\t\t\t\t\t\t\t\t\t\t\n\t\t\t\t\t\t\t\t\t<span class=\"wpr-price-list-price\">80 - 90 eur<\/span>\n\t\t\t\t\t\t\t\t\t\n\t\t\t\t\t\t\t\t\t\t\t\t\t\t\t\t\t<\/span>\n\t\t\t\t\t\t\t\n\t\t\t\t\t\t<\/div>\n\t\t\t\t\t\t\n\t\t\t\t\t\t\t\t\t\t\t<\/div>\n\n\t\t\t\t<\/div>\n\n\t\t\t\t\n\t\t\t\t<div class=\"wpr-price-list-item elementor-repeater-item-4d63fea elementor-clearfix\">\n\t\t\t\t\t\t\t\n\t\t\t\t\n\t\t\t\t\t<div class=\"wpr-price-list-content\">\n\t\t\t\t\t\t\n\t\t\t\t\t\t<div class=\"wpr-price-list-heading\">\n\t\t\t\t\t\t\t\n\t\t\t\t\t\t\t\t\t\t\t\t\t\t\t\n\t\t\t\t\t\t\t<span class=\"wpr-price-list-title\">apartent for 6 people<\/span>\t\t\t\t\t\t\t\n\t\t\t\t\t\t\t\t\t\t\t\t\t\t\n\t\t\t\t\t\t\t\t\t\t\t\t\t\n\t\t\t\t\t\t\t\t<span class=\"wpr-price-list-separator\"><\/span>\n\t\t\t\t\t\t\t\n\t\t\t\t\t\t\t\t\t\t\t\t\t\t\t<span class=\"wpr-price-list-price-wrap\">\n\t\t\t\t\t\t\t\t\t\t\n\t\t\t\t\t\t\t\t\t<span class=\"wpr-price-list-price\">110 - 120 eur<\/span>\n\t\t\t\t\t\t\t\t\t\n\t\t\t\t\t\t\t\t\t\t\t\t\t\t\t\t\t<\/span>\n\t\t\t\t\t\t\t\n\t\t\t\t\t\t<\/div>\n\t\t\t\t\t\t\n\t\t\t\t\t\t\t\t\t\t\t<\/div>\n\n\t\t\t\t<\/div>\n\n\t\t\t\t\n\t\t\t\t<div class=\"wpr-price-list-item elementor-repeater-item-3fcfa69 elementor-clearfix\">\n\t\t\t\t\t\t\t\n\t\t\t\t\n\t\t\t\t\t<div class=\"wpr-price-list-content\">\n\t\t\t\t\t\t\n\t\t\t\t\t\t<div class=\"wpr-price-list-heading\">\n\t\t\t\t\t\t\t\n\t\t\t\t\t\t\t\t\t\t\t\t\t\t\t\n\t\t\t\t\t\t\t<span class=\"wpr-price-list-title\">apartment for 6 people<\/span>\t\t\t\t\t\t\t\n\t\t\t\t\t\t\t\t\t\t\t\t\t\t\n\t\t\t\t\t\t\t\t\t\t\t\t\t\n\t\t\t\t\t\t\t\t<span class=\"wpr-price-list-separator\"><\/span>\n\t\t\t\t\t\t\t\n\t\t\t\t\t\t\t\t\t\t\t\t\t\t\t<span class=\"wpr-price-list-price-wrap\">\n\t\t\t\t\t\t\t\t\t\t\n\t\t\t\t\t\t\t\t\t<span class=\"wpr-price-list-price\">140 - 150 eur<\/span>\n\t\t\t\t\t\t\t\t\t\n\t\t\t\t\t\t\t\t\t\t\t\t\t\t\t\t\t<\/span>\n\t\t\t\t\t\t\t\n\t\t\t\t\t\t<\/div>\n\t\t\t\t\t\t\n\t\t\t\t\t\t\t\t\t\t\t<\/div>\n\n\t\t\t\t<\/div>\n\n\t\t\t\t\t\t<\/div>\n\t\t\t\t\t\t<\/div>\n\t\t\t\t<\/div>\n\t\t\t\t<div class=\"elementor-element elementor-element-c123655 wpr-stt-btn-align-fixed wpr-stt-btn-align-fixed-right elementor-widget elementor-widget-wpr-back-to-top\" data-id=\"c123655\" data-element_type=\"widget\" data-widget_type=\"wpr-back-to-top.default\">\n\t\t\t\t<div class=\"elementor-widget-container\">\n\t\t\t\t\t<div class=\"wpr-stt-wrapper\"><div class='wpr-stt-btn' data-settings='{&quot;animation&quot;:&quot;fade&quot;,&quot;animationOffset&quot;:&quot;0&quot;,&quot;animationDuration&quot;:&quot;200&quot;,&quot;fixed&quot;:&quot;fixed&quot;,&quot;scrolAnim&quot;:&quot;800&quot;}'><span class=\"wpr-stt-icon\"><svg class=\"e-font-icon-svg e-fas-chevron-up\" viewbox=\"0 0 448 512\" xmlns=\"http:\/\/www.w3.org\/2000\/svg\"><path d=\"M240.971 130.524l194.343 194.343c9.373 9.373 9.373 24.569 0 33.941l-22.667 22.667c-9.357 9.357-24.522 9.375-33.901.04L224 227.495 69.255 381.516c-9.379 9.335-24.544 9.317-33.901-.04l-22.667-22.667c-9.373-9.373-9.373-24.569 0-33.941L207.03 130.525c9.372-9.373 24.568-9.373 33.941-.001z\"><\/path><\/svg><\/span><\/div><\/div>\t\t\t\t<\/div>\n\t\t\t\t<\/div>\n\t\t\t\t<div class=\"elementor-element elementor-element-36192ee elementor-widget elementor-widget-text-editor\" data-id=\"36192ee\" data-element_type=\"widget\" data-widget_type=\"text-editor.default\">\n\t\t\t\t<div class=\"elementor-widget-container\">\n\t\t\t\t\t\t\t\t\t<p>LOW SEASON (HS)<br \/>01. 04 &#8211; 30. 06 &amp; 01. 09-31.10<\/p><p>HIGH SEASON<br \/>01.07-31.08 &amp; 01.11 -31.03<\/p><p>Cene so v evrih z DDV. Posteljnina, brisa\u010de, ogrevanje, in WI fi je vklju\u010deno v ceno. Cene veljajo za bivanje od 3 &#8211; 5 no\u010di. Za bivanje nad 5 no\u010di je 10 % ceneje. Za dodatne ugodnosti pokli\u010dite ali pa nam pi\u0161ite in odgovorili vam bomo v \u010dim kraj\u0161em \u010dasu.\u00a0<\/p>\t\t\t\t\t\t\t\t<\/div>\n\t\t\t\t<\/div>\n\t\t\t\t<div class=\"elementor-element elementor-element-ea62337 elementor-widget elementor-widget-button\" data-id=\"ea62337\" data-element_type=\"widget\" data-widget_type=\"button.default\">\n\t\t\t\t<div class=\"elementor-widget-container\">\n\t\t\t\t\t\t\t\t\t<div class=\"elementor-button-wrapper\">\n\t\t\t\t\t<a class=\"elementor-button elementor-button-link elementor-size-sm\" href=\"https:\/\/oazamiru.net\/wp-admin\/post.php?post=134&#038;action=elementor\">\n\t\t\t\t\t\t<span class=\"elementor-button-content-wrapper\">\n\t\t\t\t\t\t\t\t\t<span class=\"elementor-button-text\">MAKE A RESERVATION!<\/span>\n\t\t\t\t\t<\/span>\n\t\t\t\t\t<\/a>\n\t\t\t\t<\/div>\n\t\t\t\t\t\t\t\t<\/div>\n\t\t\t\t<\/div>\n\t\t\t\t\t<\/div>\n\t\t\t\t<\/div>\n\t\t\t\t<\/div>","protected":false},"excerpt":{"rendered":"<p>SOBA za 2 osebi 60 &#8211; 70 eur APARTMA za 2 osebi 80 &#8211; 90 eur APARTMA za 2 (+2) v dnevnem prostoru je raztegljiv kav\u010d 80 &#8211; 90 eur &hellip; <\/p>","protected":false},"author":1,"featured_media":1276,"parent":0,"menu_order":0,"comment_status":"closed","ping_status":"closed","template":"","meta":{"footnotes":""},"class_list":["post-557","page","type-page","status-publish","has-post-thumbnail","hentry"],"yoast_head":"<!-- This site is optimized with the Yoast SEO plugin v24.5 - https:\/\/yoast.com\/wordpress\/plugins\/seo\/ -->\n<title>CenikOasis of Peace, Bovec, Accomodations, rooms, best price, Bovec cheap and best location,apartmaji Oaza miru Bovec, nastanitev Bovec, apartmaji blizu golf igri\u0161\u010da Bovec, slap Virje Bovec, apartmaji narava Bovec, oddih Bovec, apartma za dru\u017eine Bovec, mirna nastanitev Bovec, aktivni oddih Bovec, apartmaji blizu naravnih znamenitosti Bovec - Oaza Miru<\/title>\n<meta name=\"description\" content=\"Apartmaji Oaza miru v Bovcu se nahajajo na neverjetni lokaciji, tik ob golf igri\u0161\u010du in v bli\u017eini \u010dudovitega slapa Virje. U\u017eivajte v miru in naravi, ki vas obdaja, ter spro\u0161\u010dujo\u010dem oddihu v sodobno opremljenih apartmajih. Popolna izbira za vse, ki si \u017eelijo aktivnega oddiha ali sprostitve v osr\u010dju neokrnjene narave. Idealno za dru\u017eine in pare, ki cenijo bli\u017eino naravnih znamenitosti in rekreacijskih mo\u017enosti.\" \/>\n<meta name=\"robots\" content=\"index, follow, max-snippet:-1, max-image-preview:large, max-video-preview:-1\" \/>\n<link rel=\"canonical\" href=\"https:\/\/oazamiru.net\/en\/cenik\/\" \/>\n<meta property=\"og:locale\" content=\"en_GB\" \/>\n<meta property=\"og:type\" content=\"article\" \/>\n<meta property=\"og:title\" content=\"CenikOasis of Peace, Bovec, Accomodations, rooms, best price, Bovec cheap and best location,apartmaji Oaza miru Bovec, nastanitev Bovec, apartmaji blizu golf igri\u0161\u010da Bovec, slap Virje Bovec, apartmaji narava Bovec, oddih Bovec, apartma za dru\u017eine Bovec, mirna nastanitev Bovec, aktivni oddih Bovec, apartmaji blizu naravnih znamenitosti Bovec - Oaza Miru\" \/>\n<meta property=\"og:description\" content=\"Apartmaji Oaza miru v Bovcu se nahajajo na neverjetni lokaciji, tik ob golf igri\u0161\u010du in v bli\u017eini \u010dudovitega slapa Virje. U\u017eivajte v miru in naravi, ki vas obdaja, ter spro\u0161\u010dujo\u010dem oddihu v sodobno opremljenih apartmajih. Popolna izbira za vse, ki si \u017eelijo aktivnega oddiha ali sprostitve v osr\u010dju neokrnjene narave. Idealno za dru\u017eine in pare, ki cenijo bli\u017eino naravnih znamenitosti in rekreacijskih mo\u017enosti.\" \/>\n<meta property=\"og:url\" content=\"https:\/\/oazamiru.net\/en\/cenik\/\" \/>\n<meta property=\"og:site_name\" content=\"Oaza Miru\" \/>\n<meta property=\"article:modified_time\" content=\"2026-03-26T14:22:10+00:00\" \/>\n<meta property=\"og:image\" content=\"https:\/\/oazamiru.net\/wp-content\/uploads\/2025\/02\/books-and-bills-drowing-e1738931102128.png\" \/>\n\t<meta property=\"og:image:width\" content=\"1024\" \/>\n\t<meta property=\"og:image:height\" content=\"645\" \/>\n\t<meta property=\"og:image:type\" content=\"image\/png\" \/>\n<meta name=\"twitter:card\" content=\"summary_large_image\" \/>\n<meta name=\"twitter:label1\" content=\"Estimated reading time\" \/>\n\t<meta name=\"twitter:data1\" content=\"1 minute\" \/>\n<script type=\"application\/ld+json\" class=\"yoast-schema-graph\">{\"@context\":\"https:\/\/schema.org\",\"@graph\":[{\"@type\":\"WebPage\",\"@id\":\"https:\/\/oazamiru.net\/cenik\/\",\"url\":\"https:\/\/oazamiru.net\/cenik\/\",\"name\":\"CenikOasis of Peace, Bovec, Accomodations, rooms, best price, Bovec cheap and best location,apartmaji Oaza miru Bovec, nastanitev Bovec, apartmaji blizu golf igri\u0161\u010da Bovec, slap Virje Bovec, apartmaji narava Bovec, oddih Bovec, apartma za dru\u017eine Bovec, mirna nastanitev Bovec, aktivni oddih Bovec, apartmaji blizu naravnih znamenitosti Bovec - Oaza Miru\",\"isPartOf\":{\"@id\":\"https:\/\/oazamiru.net\/#website\"},\"primaryImageOfPage\":{\"@id\":\"https:\/\/oazamiru.net\/cenik\/#primaryimage\"},\"image\":{\"@id\":\"https:\/\/oazamiru.net\/cenik\/#primaryimage\"},\"thumbnailUrl\":\"https:\/\/oazamiru.net\/wp-content\/uploads\/2025\/02\/books-and-bills-drowing-e1738931102128.png\",\"datePublished\":\"2024-11-13T21:57:04+00:00\",\"dateModified\":\"2026-03-26T14:22:10+00:00\",\"description\":\"Apartmaji Oaza miru v Bovcu se nahajajo na neverjetni lokaciji, tik ob golf igri\u0161\u010du in v bli\u017eini \u010dudovitega slapa Virje. U\u017eivajte v miru in naravi, ki vas obdaja, ter spro\u0161\u010dujo\u010dem oddihu v sodobno opremljenih apartmajih. Popolna izbira za vse, ki si \u017eelijo aktivnega oddiha ali sprostitve v osr\u010dju neokrnjene narave. Idealno za dru\u017eine in pare, ki cenijo bli\u017eino naravnih znamenitosti in rekreacijskih mo\u017enosti.\",\"breadcrumb\":{\"@id\":\"https:\/\/oazamiru.net\/cenik\/#breadcrumb\"},\"inLanguage\":\"en-GB\",\"potentialAction\":[{\"@type\":\"ReadAction\",\"target\":[\"https:\/\/oazamiru.net\/cenik\/\"]}]},{\"@type\":\"ImageObject\",\"inLanguage\":\"en-GB\",\"@id\":\"https:\/\/oazamiru.net\/cenik\/#primaryimage\",\"url\":\"https:\/\/oazamiru.net\/wp-content\/uploads\/2025\/02\/books-and-bills-drowing-e1738931102128.png\",\"contentUrl\":\"https:\/\/oazamiru.net\/wp-content\/uploads\/2025\/02\/books-and-bills-drowing-e1738931102128.png\",\"width\":1024,\"height\":645},{\"@type\":\"BreadcrumbList\",\"@id\":\"https:\/\/oazamiru.net\/cenik\/#breadcrumb\",\"itemListElement\":[{\"@type\":\"ListItem\",\"position\":1,\"name\":\"Home\",\"item\":\"https:\/\/oazamiru.net\/\"},{\"@type\":\"ListItem\",\"position\":2,\"name\":\"Cenik\"}]},{\"@type\":\"WebSite\",\"@id\":\"https:\/\/oazamiru.net\/#website\",\"url\":\"https:\/\/oazamiru.net\/\",\"name\":\"Oaza Miru\",\"description\":\"Odkrite svoj mir v srcu narave ..\",\"potentialAction\":[{\"@type\":\"SearchAction\",\"target\":{\"@type\":\"EntryPoint\",\"urlTemplate\":\"https:\/\/oazamiru.net\/?s={search_term_string}\"},\"query-input\":{\"@type\":\"PropertyValueSpecification\",\"valueRequired\":true,\"valueName\":\"search_term_string\"}}],\"inLanguage\":\"en-GB\"}]}<\/script>\n<!-- \/ Yoast SEO plugin. -->","yoast_head_json":{"title":"CenikOasis of Peace, Bovec, Accomodations, rooms, best price, Bovec cheap and best location,apartmaji Oaza miru Bovec, nastanitev Bovec, apartmaji blizu golf igri\u0161\u010da Bovec, slap Virje Bovec, apartmaji narava Bovec, oddih Bovec, apartma za dru\u017eine Bovec, mirna nastanitev Bovec, aktivni oddih Bovec, apartmaji blizu naravnih znamenitosti Bovec - Oaza Miru","description":"Apartmaji Oaza miru v Bovcu se nahajajo na neverjetni lokaciji, tik ob golf igri\u0161\u010du in v bli\u017eini \u010dudovitega slapa Virje. U\u017eivajte v miru in naravi, ki vas obdaja, ter spro\u0161\u010dujo\u010dem oddihu v sodobno opremljenih apartmajih. Popolna izbira za vse, ki si \u017eelijo aktivnega oddiha ali sprostitve v osr\u010dju neokrnjene narave. Idealno za dru\u017eine in pare, ki cenijo bli\u017eino naravnih znamenitosti in rekreacijskih mo\u017enosti.","robots":{"index":"index","follow":"follow","max-snippet":"max-snippet:-1","max-image-preview":"max-image-preview:large","max-video-preview":"max-video-preview:-1"},"canonical":"https:\/\/oazamiru.net\/en\/cenik\/","og_locale":"en_GB","og_type":"article","og_title":"CenikOasis of Peace, Bovec, Accomodations, rooms, best price, Bovec cheap and best location,apartmaji Oaza miru Bovec, nastanitev Bovec, apartmaji blizu golf igri\u0161\u010da Bovec, slap Virje Bovec, apartmaji narava Bovec, oddih Bovec, apartma za dru\u017eine Bovec, mirna nastanitev Bovec, aktivni oddih Bovec, apartmaji blizu naravnih znamenitosti Bovec - Oaza Miru","og_description":"Apartmaji Oaza miru v Bovcu se nahajajo na neverjetni lokaciji, tik ob golf igri\u0161\u010du in v bli\u017eini \u010dudovitega slapa Virje. U\u017eivajte v miru in naravi, ki vas obdaja, ter spro\u0161\u010dujo\u010dem oddihu v sodobno opremljenih apartmajih. Popolna izbira za vse, ki si \u017eelijo aktivnega oddiha ali sprostitve v osr\u010dju neokrnjene narave. Idealno za dru\u017eine in pare, ki cenijo bli\u017eino naravnih znamenitosti in rekreacijskih mo\u017enosti.","og_url":"https:\/\/oazamiru.net\/en\/cenik\/","og_site_name":"Oaza Miru","article_modified_time":"2026-03-26T14:22:10+00:00","og_image":[{"width":1024,"height":645,"url":"https:\/\/oazamiru.net\/wp-content\/uploads\/2025\/02\/books-and-bills-drowing-e1738931102128.png","type":"image\/png"}],"twitter_card":"summary_large_image","twitter_misc":{"Estimated reading time":"1 minute"},"schema":{"@context":"https:\/\/schema.org","@graph":[{"@type":"WebPage","@id":"https:\/\/oazamiru.net\/cenik\/","url":"https:\/\/oazamiru.net\/cenik\/","name":"CenikOasis of Peace, Bovec, Accomodations, rooms, best price, Bovec cheap and best location,apartmaji Oaza miru Bovec, nastanitev Bovec, apartmaji blizu golf igri\u0161\u010da Bovec, slap Virje Bovec, apartmaji narava Bovec, oddih Bovec, apartma za dru\u017eine Bovec, mirna nastanitev Bovec, aktivni oddih Bovec, apartmaji blizu naravnih znamenitosti Bovec - Oaza Miru","isPartOf":{"@id":"https:\/\/oazamiru.net\/#website"},"primaryImageOfPage":{"@id":"https:\/\/oazamiru.net\/cenik\/#primaryimage"},"image":{"@id":"https:\/\/oazamiru.net\/cenik\/#primaryimage"},"thumbnailUrl":"https:\/\/oazamiru.net\/wp-content\/uploads\/2025\/02\/books-and-bills-drowing-e1738931102128.png","datePublished":"2024-11-13T21:57:04+00:00","dateModified":"2026-03-26T14:22:10+00:00","description":"Apartmaji Oaza miru v Bovcu se nahajajo na neverjetni lokaciji, tik ob golf igri\u0161\u010du in v bli\u017eini \u010dudovitega slapa Virje. U\u017eivajte v miru in naravi, ki vas obdaja, ter spro\u0161\u010dujo\u010dem oddihu v sodobno opremljenih apartmajih. Popolna izbira za vse, ki si \u017eelijo aktivnega oddiha ali sprostitve v osr\u010dju neokrnjene narave. Idealno za dru\u017eine in pare, ki cenijo bli\u017eino naravnih znamenitosti in rekreacijskih mo\u017enosti.","breadcrumb":{"@id":"https:\/\/oazamiru.net\/cenik\/#breadcrumb"},"inLanguage":"en-GB","potentialAction":[{"@type":"ReadAction","target":["https:\/\/oazamiru.net\/cenik\/"]}]},{"@type":"ImageObject","inLanguage":"en-GB","@id":"https:\/\/oazamiru.net\/cenik\/#primaryimage","url":"https:\/\/oazamiru.net\/wp-content\/uploads\/2025\/02\/books-and-bills-drowing-e1738931102128.png","contentUrl":"https:\/\/oazamiru.net\/wp-content\/uploads\/2025\/02\/books-and-bills-drowing-e1738931102128.png","width":1024,"height":645},{"@type":"BreadcrumbList","@id":"https:\/\/oazamiru.net\/cenik\/#breadcrumb","itemListElement":[{"@type":"ListItem","position":1,"name":"Home","item":"https:\/\/oazamiru.net\/"},{"@type":"ListItem","position":2,"name":"Cenik"}]},{"@type":"WebSite","@id":"https:\/\/oazamiru.net\/#website","url":"https:\/\/oazamiru.net\/","name":"Oaza Miru","description":"Odkrite svoj mir v srcu narave ..","potentialAction":[{"@type":"SearchAction","target":{"@type":"EntryPoint","urlTemplate":"https:\/\/oazamiru.net\/?s={search_term_string}"},"query-input":{"@type":"PropertyValueSpecification","valueRequired":true,"valueName":"search_term_string"}}],"inLanguage":"en-GB"}]}},"_links":{"self":[{"href":"https:\/\/oazamiru.net\/en\/wp-json\/wp\/v2\/pages\/557","targetHints":{"allow":["GET"]}}],"collection":[{"href":"https:\/\/oazamiru.net\/en\/wp-json\/wp\/v2\/pages"}],"about":[{"href":"https:\/\/oazamiru.net\/en\/wp-json\/wp\/v2\/types\/page"}],"author":[{"embeddable":true,"href":"https:\/\/oazamiru.net\/en\/wp-json\/wp\/v2\/users\/1"}],"replies":[{"embeddable":true,"href":"https:\/\/oazamiru.net\/en\/wp-json\/wp\/v2\/comments?post=557"}],"version-history":[{"count":93,"href":"https:\/\/oazamiru.net\/en\/wp-json\/wp\/v2\/pages\/557\/revisions"}],"predecessor-version":[{"id":1519,"href":"https:\/\/oazamiru.net\/en\/wp-json\/wp\/v2\/pages\/557\/revisions\/1519"}],"wp:featuredmedia":[{"embeddable":true,"href":"https:\/\/oazamiru.net\/en\/wp-json\/wp\/v2\/media\/1276"}],"wp:attachment":[{"href":"https:\/\/oazamiru.net\/en\/wp-json\/wp\/v2\/media?parent=557"}],"curies":[{"name":"wp","href":"https:\/\/api.w.org\/{rel}","templated":true}]}}